{"id":23,"date":"2024-10-21T13:44:29","date_gmt":"2024-10-21T16:44:29","guid":{"rendered":"https:\/\/chemportal.com.tr\/?page_id=23"},"modified":"2025-09-10T06:50:42","modified_gmt":"2025-09-10T09:50:42","slug":"home","status":"publish","type":"page","link":"https:\/\/chemportal.com.tr\/","title":{"rendered":"Home"},"content":{"rendered":"\n<div class=\"slider-wrapper relative\" id=\"slider-1872616737\" >\n    <div class=\"slider slider-nav-circle slider-nav-large slider-nav-light slider-style-normal\"\n        data-flickity-options='{\n            \"cellAlign\": \"center\",\n            \"imagesLoaded\": true,\n            \"lazyLoad\": 1,\n            \"freeScroll\": false,\n            \"wrapAround\": true,\n            \"autoPlay\": 6000,\n            \"pauseAutoPlayOnHover\" : true,\n            \"prevNextButtons\": true,\n            \"contain\" : true,\n            \"adaptiveHeight\" : true,\n            \"dragThreshold\" : 10,\n            \"percentPosition\": true,\n            \"pageDots\": true,\n            \"rightToLeft\": false,\n            \"draggable\": true,\n            \"selectedAttraction\": 0.1,\n            \"parallax\" : 0,\n            \"friction\": 0.6        }'\n        >\n        \n\n\n  <div class=\"banner has-hover\" id=\"banner-249557629\">\n          <div class=\"banner-inner fill\">\n        <div class=\"banner-bg fill\" >\n            <img loading=\"lazy\" decoding=\"async\" width=\"1920\" height=\"900\" src=\"https:\/\/chemportal.com.tr\/wp-content\/uploads\/2024\/10\/Banner-Petrochemicals.jpg\" class=\"bg attachment-original size-original\" alt=\"\" \/>                                    \n                    <\/div>\n\t\t\n        <div class=\"banner-layers container\">\n            <div class=\"fill banner-link\"><\/div>            \n\n   <div id=\"text-box-1486639134\" class=\"text-box banner-layer x5 md-x5 lg-x5 y95 md-y50 lg-y50 res-text\">\n                                <div class=\"text-box-content text box-shadow-1\">\n              \n              <div class=\"text-inner text-left\">\n                  \n\n<h4 class=\"uppercase\">T\u00fcrkiye\u2019s Chemicals and Petrochemicals Marketplace<\/h4>\n<p>Discover a variety of petrochemical and chemical products and request a quote for any item. Explore our selection and get competitive pricing tailored to your needs.<\/p>\n\n              <\/div>\n           <\/div>\n                            \n<style>\n#text-box-1486639134 .text-box-content {\n  background-color: rgba(255, 255, 255, 0.94);\n  font-size: 100%;\n}\n#text-box-1486639134 .text-inner {\n  padding: 30px 30px 30px 30px;\n}\n#text-box-1486639134 {\n  width: 90%;\n}\n@media (min-width:550px) {\n  #text-box-1486639134 {\n    width: 44%;\n  }\n}\n<\/style>\n    <\/div>\n \n\n        <\/div>\n      <\/div>\n\n            \n<style>\n#banner-249557629 {\n  padding-top: 637px;\n}\n#banner-249557629 .banner-bg img {\n  object-position: 62% 60%;\n}\n<\/style>\n  <\/div>\n\n\n\n  <div class=\"banner has-hover\" id=\"banner-659721955\">\n          <div class=\"banner-inner fill\">\n        <div class=\"banner-bg fill\" >\n            <img loading=\"lazy\" decoding=\"async\" width=\"1020\" height=\"478\" src=\"https:\/\/chemportal.com.tr\/wp-content\/uploads\/2024\/10\/banner-Chemical-1024x480.jpg\" class=\"bg attachment-large size-large\" alt=\"\" \/>                                    \n                    <\/div>\n\t\t\n        <div class=\"banner-layers container\">\n            <div class=\"fill banner-link\"><\/div>            \n\n   <div id=\"text-box-2056151543\" class=\"text-box banner-layer x5 md-x5 lg-x5 y90 md-y50 lg-y50 res-text\">\n                                <div class=\"text-box-content text box-shadow-1\">\n              \n              <div class=\"text-inner text-left\">\n                  \n\n<h3 class=\"uppercase\">T\u00fcrkiye\u2019nin Kimya ve Petrokimya Pazar\u0131<\/h3>\n<p>\u00c7e\u015fitli petrokimya ve kimya \u00fcr\u00fcnlerini ke\u015ffedin, her \u00fcr\u00fcn i\u00e7in teklif al\u0131n. Se\u00e7imimize g\u00f6z at\u0131n ve ihtiya\u00e7lar\u0131n\u0131za \u00f6zel rekabet\u00e7i fiyatlar edinin.<\/p>\n\n              <\/div>\n           <\/div>\n                            \n<style>\n#text-box-2056151543 .text-box-content {\n  background-color: rgba(255, 255, 255, 0.94);\n  font-size: 100%;\n}\n#text-box-2056151543 .text-inner {\n  padding: 30px 30px 30px 30px;\n}\n#text-box-2056151543 {\n  width: 88%;\n}\n@media (min-width:550px) {\n  #text-box-2056151543 {\n    width: 50%;\n  }\n}\n<\/style>\n    <\/div>\n \n\n        <\/div>\n      <\/div>\n\n            \n<style>\n#banner-659721955 {\n  padding-top: 637px;\n}\n#banner-659721955 .banner-bg img {\n  object-position: 62% 68%;\n}\n<\/style>\n  <\/div>\n\n\n\n  <div class=\"banner has-hover\" id=\"banner-184446697\">\n          <div class=\"banner-inner fill\">\n        <div class=\"banner-bg fill\" >\n            <img loading=\"lazy\" decoding=\"async\" width=\"1020\" height=\"478\" src=\"https:\/\/chemportal.com.tr\/wp-content\/uploads\/2024\/10\/banner-oils-1024x480.jpg\" class=\"bg attachment-large size-large\" alt=\"\" \/>                                    \n                    <\/div>\n\t\t\n        <div class=\"banner-layers container\">\n            <div class=\"fill banner-link\"><\/div>            \n\n   <div id=\"text-box-1175269168\" class=\"text-box banner-layer x5 md-x5 lg-x5 y90 md-y50 lg-y50 res-text\">\n                                <div class=\"text-box-content text box-shadow-1\">\n              \n              <div class=\"text-inner text-left\">\n                  \n\n<h3 class=\"uppercase\">Access Daily Global Prices of Polymers and Chemicals<\/h3>\n<p>Stay updated with daily global prices of polymers and chemicals on our website. Access real-time market data and make informed purchasing decisions with ease.<\/p>\n\n              <\/div>\n           <\/div>\n                            \n<style>\n#text-box-1175269168 .text-box-content {\n  background-color: rgba(255, 255, 255, 0.94);\n  font-size: 100%;\n}\n#text-box-1175269168 .text-inner {\n  padding: 30px 30px 30px 30px;\n}\n#text-box-1175269168 {\n  width: 88%;\n}\n@media (min-width:550px) {\n  #text-box-1175269168 {\n    width: 50%;\n  }\n}\n<\/style>\n    <\/div>\n \n\n        <\/div>\n      <\/div>\n\n            \n<style>\n#banner-184446697 {\n  padding-top: 637px;\n}\n#banner-184446697 .banner-bg img {\n  object-position: 62% 68%;\n}\n<\/style>\n  <\/div>\n\n\n\n     <\/div>\n\n     <div class=\"loading-spin dark large centered\"><\/div>\n\n\t<\/div>\n\n\n\n\t<section class=\"section\" id=\"section_2091670977\">\n\t\t<div class=\"section-bg fill\" >\n\t\t\t\t\t\t\t\t\t\n\t\t\t\n\n\t\t<\/div>\n\n\t\t\n\n\t\t<div class=\"section-content relative\">\n\t\t\t\n\n<div class=\"row row-large align-center row-divided\"  id=\"row-44006298\">\n\n\n\t<div id=\"col-707112494\" class=\"col medium-4 large-4\"  >\n\t\t\t\t<div class=\"col-inner\"  >\n\t\t\t\n\t\t\t\n\n\n\t\t<div class=\"icon-box featured-box icon-box-center text-center\"  style=\"margin:0px 0px 0px 0px;\">\n\t\t\t\t\t<div class=\"icon-box-img has-icon-bg\" style=\"width: 60px\">\n\t\t\t\t<div class=\"icon\">\n\t\t\t\t\t<div class=\"icon-inner\" style=\"border-width:2px;\">\n\t\t\t\t\t\t<img loading=\"lazy\" decoding=\"async\" width=\"300\" height=\"300\" src=\"https:\/\/chemportal.com.tr\/wp-content\/uploads\/2024\/10\/Petrochemicals.png\" class=\"attachment-medium size-medium\" alt=\"\" srcset=\"https:\/\/chemportal.com.tr\/wp-content\/uploads\/2024\/10\/Petrochemicals.png 300w, https:\/\/chemportal.com.tr\/wp-content\/uploads\/2024\/10\/Petrochemicals-100x100.png 100w, https:\/\/chemportal.com.tr\/wp-content\/uploads\/2024\/10\/Petrochemicals-150x150.png 150w\" sizes=\"auto, (max-width: 300px) 100vw, 300px\" \/>\t\t\t\t\t<\/div>\n\t\t\t\t<\/div>\n\t\t\t<\/div>\n\t\t\t\t<div class=\"icon-box-text last-reset\">\n\t\t\t<h5 class=\"uppercase\">Petrochemicals<\/h5>\t\t\t\t\t\t\n\n<h3>Petrokimyasallar<\/h3>\n\n\t\t<\/div>\n\t<\/div>\n\t\n\t\n\n\t\t<\/div>\n\t\t\t\t\t<\/div>\n\n\t\n\n\t<div id=\"col-892836467\" class=\"col medium-4 large-4\"  >\n\t\t\t\t<div class=\"col-inner\"  >\n\t\t\t\n\t\t\t\n\n\n\t\t<div class=\"icon-box featured-box icon-box-center text-center\"  style=\"margin:0px 0px 0px 0px;\">\n\t\t\t\t\t<div class=\"icon-box-img has-icon-bg\" style=\"width: 60px\">\n\t\t\t\t<div class=\"icon\">\n\t\t\t\t\t<div class=\"icon-inner\" style=\"border-width:2px;\">\n\t\t\t\t\t\t<img loading=\"lazy\" decoding=\"async\" width=\"300\" height=\"300\" src=\"https:\/\/chemportal.com.tr\/wp-content\/uploads\/2024\/10\/Chemicals.png\" class=\"attachment-medium size-medium\" alt=\"\" srcset=\"https:\/\/chemportal.com.tr\/wp-content\/uploads\/2024\/10\/Chemicals.png 300w, https:\/\/chemportal.com.tr\/wp-content\/uploads\/2024\/10\/Chemicals-100x100.png 100w, https:\/\/chemportal.com.tr\/wp-content\/uploads\/2024\/10\/Chemicals-150x150.png 150w\" sizes=\"auto, (max-width: 300px) 100vw, 300px\" \/>\t\t\t\t\t<\/div>\n\t\t\t\t<\/div>\n\t\t\t<\/div>\n\t\t\t\t<div class=\"icon-box-text last-reset\">\n\t\t\t<h5 class=\"uppercase\">Chemicals<\/h5>\t\t\t\t\t\t\n\n<h3>Kimyasallar<\/h3>\n\n\t\t<\/div>\n\t<\/div>\n\t\n\t\n\n\t\t<\/div>\n\t\t\t\t\t<\/div>\n\n\t\n\n\t<div id=\"col-794748455\" class=\"col medium-4 large-4\"  >\n\t\t\t\t<div class=\"col-inner\"  >\n\t\t\t\n\t\t\t\n\n\n\t\t<div class=\"icon-box featured-box icon-box-center text-center\"  style=\"margin:0px 0px 0px 0px;\">\n\t\t\t\t\t<div class=\"icon-box-img has-icon-bg\" style=\"width: 60px\">\n\t\t\t\t<div class=\"icon\">\n\t\t\t\t\t<div class=\"icon-inner\" style=\"border-width:2px;\">\n\t\t\t\t\t\t<img loading=\"lazy\" decoding=\"async\" width=\"300\" height=\"300\" src=\"https:\/\/chemportal.com.tr\/wp-content\/uploads\/2024\/10\/Oils.png\" class=\"attachment-medium size-medium\" alt=\"\" srcset=\"https:\/\/chemportal.com.tr\/wp-content\/uploads\/2024\/10\/Oils.png 300w, https:\/\/chemportal.com.tr\/wp-content\/uploads\/2024\/10\/Oils-100x100.png 100w, https:\/\/chemportal.com.tr\/wp-content\/uploads\/2024\/10\/Oils-150x150.png 150w\" sizes=\"auto, (max-width: 300px) 100vw, 300px\" \/>\t\t\t\t\t<\/div>\n\t\t\t\t<\/div>\n\t\t\t<\/div>\n\t\t\t\t<div class=\"icon-box-text last-reset\">\n\t\t\t<h5 class=\"uppercase\">Oils<\/h5>\t\t\t\t\t\t\n\n<h3>Ya\u011flar<\/h3>\n\n\t\t<\/div>\n\t<\/div>\n\t\n\t\n\n\t\t<\/div>\n\t\t\t\t\t<\/div>\n\n\t\n\n<\/div>\n\n\t\t<\/div>\n\n\t\t\n<style>\n#section_2091670977 {\n  padding-top: 30px;\n  padding-bottom: 30px;\n  background-color: rgb(255, 255, 255);\n}\n<\/style>\n\t<\/section>\n\t\n\n\t<section class=\"section\" id=\"section_1192698963\">\n\t\t<div class=\"section-bg fill\" >\n\t\t\t\t\t\t\t\t\t<div class=\"section-bg-overlay absolute fill\"><\/div>\n\t\t\t\n\t<div class=\"is-border\"\n\t\tstyle=\"border-width:1px 0px 1px 0px;\">\n\t<\/div>\n\n\t\t<\/div>\n\n\t\t\n\n\t\t<div class=\"section-content relative\">\n\t\t\t\n\n<div class=\"row\"  id=\"row-992140070\">\n\n\n\t<div id=\"col-69001833\" class=\"col medium-6 small-12 large-6\"  >\n\t\t\t\t<div class=\"col-inner\"  >\n\t\t\t\n\t\t\t\n\n\t<div class=\"img has-hover x md-x lg-x y md-y lg-y\" id=\"image_68837362\">\n\t\t\t\t\t\t\t\t<div class=\"img-inner dark\" >\n\t\t\t<img loading=\"lazy\" decoding=\"async\" width=\"300\" height=\"158\" src=\"https:\/\/chemportal.com.tr\/wp-content\/uploads\/2024\/10\/Product-Category-300x158.png\" class=\"attachment-medium size-medium\" alt=\"\" srcset=\"https:\/\/chemportal.com.tr\/wp-content\/uploads\/2024\/10\/Product-Category-300x158.png 300w, https:\/\/chemportal.com.tr\/wp-content\/uploads\/2024\/10\/Product-Category-768x405.png 768w, https:\/\/chemportal.com.tr\/wp-content\/uploads\/2024\/10\/Product-Category-600x316.png 600w, https:\/\/chemportal.com.tr\/wp-content\/uploads\/2024\/10\/Product-Category.png 1024w\" sizes=\"auto, (max-width: 300px) 100vw, 300px\" \/>\t\t\t\t\t\t\n\t\t\t\t\t<\/div>\n\t\t\t\t\t\t\t\t\n<style>\n#image_68837362 {\n  width: 100%;\n}\n<\/style>\n\t<\/div>\n\t\n\n\n\t\t<\/div>\n\t\t\t\t\t<\/div>\n\n\t\n\n\t<div id=\"col-159956291\" class=\"col medium-6 small-12 large-6\"  >\n\t\t\t\t<div class=\"col-inner\"  >\n\t\t\t\n\t\t\t\n\n<h3>PRODUCT CATEGORIES \/ \u00dcR\u00dcN KATEGOR\u0130LER\u0130<\/h3>\n<p>Explore the product categories below, select your desired category, review the technical details of the products, and request a quote for your inquiry.<\/p>\n<p>A\u015fa\u011f\u0131daki \u00fcr\u00fcn kategorilerini ke\u015ffedin, istedi\u011finiz kategoriyi se\u00e7in, \u00fcr\u00fcnlerin teknik detaylar\u0131n\u0131 inceleyin ve talebiniz i\u00e7in teklif isteyin.<\/p>\n\n\t\t<\/div>\n\t\t\t\t\t<\/div>\n\n\t\n\n<\/div>\n\n\t\t<\/div>\n\n\t\t\n<style>\n#section_1192698963 {\n  padding-top: 20px;\n  padding-bottom: 20px;\n  background-color: rgb(193, 193, 193);\n}\n#section_1192698963 .section-bg-overlay {\n  background-color: rgba(255, 255, 255, 0.85);\n}\n<\/style>\n\t<\/section>\n\t\n\t<div id=\"text-1674931521\" class=\"text\">\n\t\t\n\n<h2>PRODUCT CATEGORIES<\/h2>\n\t\t\n<style>\n#text-1674931521 {\n  text-align: center;\n}\n<\/style>\n\t<\/div>\n\t\n\n\t<section class=\"section\" id=\"section_1535079906\">\n\t\t<div class=\"section-bg fill\" >\n\t\t\t\t\t\t\t\t\t<div class=\"section-bg-overlay absolute fill\"><\/div>\n\t\t\t\n\n\t\t<\/div>\n\n\t\t\n\n\t\t<div class=\"section-content relative\">\n\t\t\t\n\n\n  \n    <div class=\"row large-columns-4 medium-columns-3 small-columns-2 row-small has-shadow row-box-shadow-2 row-box-shadow-2-hover slider row-slider slider-nav-reveal slider-nav-push\"  data-flickity-options='{&quot;imagesLoaded&quot;: true, &quot;groupCells&quot;: &quot;100%&quot;, &quot;dragThreshold&quot; : 5, &quot;cellAlign&quot;: &quot;left&quot;,&quot;wrapAround&quot;: true,&quot;prevNextButtons&quot;: true,&quot;percentPosition&quot;: true,&quot;pageDots&quot;: false, &quot;rightToLeft&quot;: false, &quot;autoPlay&quot; : false}' >\n\n  <div class=\"product-category col\" >\n            <div class=\"col-inner\">\n              <a aria-label=\"Visit product category UREA\" href=\"https:\/\/chemportal.com.tr\/?product_cat=urea\">                <div class=\"box box-category has-hover box-normal \">\n                <div class=\"box-image\" style=\"width:90%;\">\n                  <div class=\"image-zoom\" >\n                  <img loading=\"lazy\" decoding=\"async\" src=\"https:\/\/chemportal.com.tr\/wp-content\/uploads\/2024\/11\/Urea46-Category.jpg\" alt=\"UREA\" width=\"300\" height=\"300\" \/>                                                      <\/div>\n                <\/div>\n                <div class=\"box-text text-center is-large\" >\n                  <div class=\"box-text-inner\">\n                      <h5 class=\"uppercase header-title\">\n                              UREA                      <\/h5>\n                                            <p class=\"is-xsmall uppercase count \">\n\t                      1 Product                      <\/p>\n                                            \n                  <\/div>\n                <\/div>\n                <\/div>\n            <\/a>            <\/div>\n            <\/div><div class=\"product-category col\" >\n            <div class=\"col-inner\">\n              <a aria-label=\"Visit product category Polymers\" href=\"https:\/\/chemportal.com.tr\/?product_cat=polymers\">                <div class=\"box box-category has-hover box-normal \">\n                <div class=\"box-image\" style=\"width:90%;\">\n                  <div class=\"image-zoom\" >\n                  <img loading=\"lazy\" decoding=\"async\" src=\"https:\/\/chemportal.com.tr\/wp-content\/uploads\/2024\/10\/Polymers.jpg\" alt=\"Polymers\" width=\"300\" height=\"300\" \/>                                                      <\/div>\n                <\/div>\n                <div class=\"box-text text-center is-large\" >\n                  <div class=\"box-text-inner\">\n                      <h5 class=\"uppercase header-title\">\n                              Polymers                      <\/h5>\n                                            <p class=\"is-xsmall uppercase count \">\n\t                      82 Products                      <\/p>\n                                            \n                  <\/div>\n                <\/div>\n                <\/div>\n            <\/a>            <\/div>\n            <\/div><div class=\"product-category col\" >\n            <div class=\"col-inner\">\n              <a aria-label=\"Visit product category Petroleum\" href=\"https:\/\/chemportal.com.tr\/?product_cat=petroleum\">                <div class=\"box box-category has-hover box-normal \">\n                <div class=\"box-image\" style=\"width:90%;\">\n                  <div class=\"image-zoom\" >\n                  <img loading=\"lazy\" decoding=\"async\" src=\"https:\/\/chemportal.com.tr\/wp-content\/uploads\/2024\/10\/Petroleum.jpg\" alt=\"Petroleum\" width=\"300\" height=\"300\" \/>                                                      <\/div>\n                <\/div>\n                <div class=\"box-text text-center is-large\" >\n                  <div class=\"box-text-inner\">\n                      <h5 class=\"uppercase header-title\">\n                              Petroleum                      <\/h5>\n                                            <p class=\"is-xsmall uppercase count \">\n\t                      4 Products                      <\/p>\n                                            \n                  <\/div>\n                <\/div>\n                <\/div>\n            <\/a>            <\/div>\n            <\/div><div class=\"product-category col\" >\n            <div class=\"col-inner\">\n              <a aria-label=\"Visit product category Chemicals\" href=\"https:\/\/chemportal.com.tr\/?product_cat=chemicals\">                <div class=\"box box-category has-hover box-normal \">\n                <div class=\"box-image\" style=\"width:90%;\">\n                  <div class=\"image-zoom\" >\n                  <img loading=\"lazy\" decoding=\"async\" src=\"https:\/\/chemportal.com.tr\/wp-content\/uploads\/2024\/10\/Chemicals.jpg\" alt=\"Chemicals\" width=\"300\" height=\"300\" \/>                                                      <\/div>\n                <\/div>\n                <div class=\"box-text text-center is-large\" >\n                  <div class=\"box-text-inner\">\n                      <h5 class=\"uppercase header-title\">\n                              Chemicals                      <\/h5>\n                                            <p class=\"is-xsmall uppercase count \">\n\t                      12 Products                      <\/p>\n                                            \n                  <\/div>\n                <\/div>\n                <\/div>\n            <\/a>            <\/div>\n            <\/div><\/div>\n\n<div class=\"row align-center\"  id=\"row-735019015\">\n\n\n\t<div id=\"col-1815087394\" class=\"col small-12 large-12\"  >\n\t\t\t\t<div class=\"col-inner\"  >\n\t\t\t\n\t\t\t\n\n\t<div id=\"text-913893727\" class=\"text\">\n\t\t\n\n<h2 class=\"uppercase\">Search Product \/ \u00dcr\u00fcn Ara<\/h2>\n\t\t\n<style>\n#text-913893727 {\n  text-align: center;\n}\n<\/style>\n\t<\/div>\n\t\n<div class=\"searchform-wrapper ux-search-box relative is-large\"><form role=\"search\" method=\"get\" class=\"searchform\" action=\"https:\/\/chemportal.com.tr\/\">\n\t<div class=\"flex-row relative\">\n\t\t\t\t\t\t<div class=\"flex-col flex-grow\">\n\t\t\t<label class=\"screen-reader-text\" for=\"woocommerce-product-search-field-0\">Search for:<\/label>\n\t\t\t<input type=\"search\" id=\"woocommerce-product-search-field-0\" class=\"search-field mb-0\" placeholder=\"Search&hellip;\" value=\"\" name=\"s\" \/>\n\t\t\t<input type=\"hidden\" name=\"post_type\" value=\"product\" \/>\n\t\t\t\t\t<\/div>\n\t\t<div class=\"flex-col\">\n\t\t\t<button type=\"submit\" value=\"Search\" class=\"ux-search-submit submit-button secondary button  icon mb-0\" aria-label=\"Submit\">\n\t\t\t\t<i class=\"icon-search\" ><\/i>\t\t\t<\/button>\n\t\t<\/div>\n\t<\/div>\n\t<div class=\"live-search-results text-left z-top\"><\/div>\n<\/form>\n<\/div>\n\n\n\t\t<\/div>\n\t\t\t\t\t<\/div>\n\n\t\n\n\n<style>\n#row-735019015 > .col > .col-inner {\n  padding: 20px 0px 0px 0px;\n}\n<\/style>\n<\/div>\n\n\t\t<\/div>\n\n\t\t\n<style>\n#section_1535079906 {\n  padding-top: 60px;\n  padding-bottom: 60px;\n  background-color: rgb(255, 255, 255);\n}\n#section_1535079906 .section-bg-overlay {\n  background-color: rgba(255, 255, 255, 0.85);\n}\n<\/style>\n\t<\/section>\n\t\n\n\n\n\n\n","protected":false},"excerpt":{"rendered":"","protected":false},"author":1,"featured_media":0,"parent":0,"menu_order":0,"comment_status":"closed","ping_status":"closed","template":"page-blank.php","meta":{"_monsterinsights_skip_tracking":false,"_monsterinsights_sitenote_active":false,"_monsterinsights_sitenote_note":"","_monsterinsights_sitenote_category":0,"footnotes":""},"class_list":["post-23","page","type-page","status-publish","hentry"],"_links":{"self":[{"href":"https:\/\/chemportal.com.tr\/index.php?rest_route=\/wp\/v2\/pages\/23","targetHints":{"allow":["GET"]}}],"collection":[{"href":"https:\/\/chemportal.com.tr\/index.php?rest_route=\/wp\/v2\/pages"}],"about":[{"href":"https:\/\/chemportal.com.tr\/index.php?rest_route=\/wp\/v2\/types\/page"}],"author":[{"embeddable":true,"href":"https:\/\/chemportal.com.tr\/index.php?rest_route=\/wp\/v2\/users\/1"}],"replies":[{"embeddable":true,"href":"https:\/\/chemportal.com.tr\/index.php?rest_route=%2Fwp%2Fv2%2Fcomments&post=23"}],"version-history":[{"count":77,"href":"https:\/\/chemportal.com.tr\/index.php?rest_route=\/wp\/v2\/pages\/23\/revisions"}],"predecessor-version":[{"id":465,"href":"https:\/\/chemportal.com.tr\/index.php?rest_route=\/wp\/v2\/pages\/23\/revisions\/465"}],"wp:attachment":[{"href":"https:\/\/chemportal.com.tr\/index.php?rest_route=%2Fwp%2Fv2%2Fmedia&parent=23"}],"curies":[{"name":"wp","href":"https:\/\/api.w.org\/{rel}","templated":true}]}}